{"id":17,"date":"2024-12-01T23:10:16","date_gmt":"2024-12-01T23:10:16","guid":{"rendered":"https:\/\/tandoor.com.ar\/?page_id=17"},"modified":"2025-01-18T23:17:18","modified_gmt":"2025-01-18T23:17:18","slug":"home","status":"publish","type":"page","link":"https:\/\/tandoor.com.ar\/en\/","title":{"rendered":"Home"},"content":{"rendered":"<div data-elementor-type=\"wp-page\" data-elementor-id=\"17\" class=\"elementor elementor-17\" data-elementor-post-type=\"page\">\n\t\t\t\t<div class=\"elementor-element elementor-element-2963ed9 e-con-full e-flex e-con e-parent\" data-id=\"2963ed9\" data-element_type=\"container\" data-settings=\"{&quot;background_background&quot;:&quot;classic&quot;}\">\n\t\t\t\t<div class=\"elementor-element elementor-element-8cd0e27 elementor--h-position-center elementor--v-position-middle elementor-arrows-position-inside elementor-pagination-position-inside elementor-widget elementor-widget-slides\" data-id=\"8cd0e27\" data-element_type=\"widget\" data-settings=\"{&quot;navigation&quot;:&quot;both&quot;,&quot;autoplay&quot;:&quot;yes&quot;,&quot;pause_on_hover&quot;:&quot;yes&quot;,&quot;pause_on_interaction&quot;:&quot;yes&quot;,&quot;autoplay_speed&quot;:5000,&quot;infinite&quot;:&quot;yes&quot;,&quot;transition&quot;:&quot;slide&quot;,&quot;transition_speed&quot;:500}\" data-widget_type=\"slides.default\">\n\t\t\t\t\t\t\t\t\t\t<div class=\"elementor-slides-wrapper elementor-main-swiper swiper\" role=\"region\" aria-roledescription=\"carousel\" aria-label=\"Slides\" dir=\"ltr\" data-animation=\"fadeInUp\">\n\t\t\t\t<div class=\"swiper-wrapper elementor-slides\">\n\t\t\t\t\t\t\t\t\t\t<div class=\"elementor-repeater-item-6ee1dd5 swiper-slide\" role=\"group\" aria-roledescription=\"slide\"><div class=\"swiper-slide-bg\" role=\"img\"><\/div><div class=\"elementor-background-overlay\"><\/div><div class=\"swiper-slide-inner\" ><div class=\"swiper-slide-contents\"><div class=\"elementor-slide-heading\">Sabore\u00e1 INDIA<\/div><div class=\"elementor-slide-description\">Sal\u00ed de la rutina y ven\u00ed a TANDOOR<\/div><a href=\"https:\/\/drive.google.com\/drive\/folders\/1a8lxivPaPPTxIUi7CITANecJi-HSv4P_?fbclid=PAZXh0bgNhZW0CMTEAAaZXc6eInonDszL2hv5MeijFDxPrx5Ha9EmFQL7nfoPezJZO9mcPchepFs4_aem_Wzeg0_yO2-H6wGQau3waHw\" target=\"_blank\" class=\"elementor-button elementor-slide-button elementor-size-sm\">Carta<\/a><\/div><\/div><\/div>\t\t\t\t<\/div>\n\t\t\t\t\t\t\t<\/div>\n\t\t\t\t\t\t\t\t<\/div>\n\t\t\t\t<\/div>\n\t\t<div class=\"elementor-element elementor-element-11452af e-flex e-con-boxed e-con e-parent\" data-id=\"11452af\" data-element_type=\"container\">\n\t\t\t\t\t<div class=\"e-con-inner\">\n\t\t<div class=\"elementor-element elementor-element-4378bb3 e-con-full e-flex elementor-invisible e-con e-child\" data-id=\"4378bb3\" data-element_type=\"container\" data-settings=\"{&quot;animation&quot;:&quot;fadeInLeft&quot;}\">\n\t\t\t\t<div class=\"elementor-element elementor-element-c54d3f9 elementor-widget elementor-widget-heading\" data-id=\"c54d3f9\" data-element_type=\"widget\" data-widget_type=\"heading.default\">\n\t\t\t\t\t<h2 class=\"elementor-heading-title elementor-size-default\">TANDOOR\n<\/h2>\t\t\t\t<\/div>\n\t\t\t\t<div class=\"elementor-element elementor-element-08f83a6 elementor-widget elementor-widget-text-editor\" data-id=\"08f83a6\" data-element_type=\"widget\" data-widget_type=\"text-editor.default\">\n\t\t\t\t\t\t\t\t\t<p>We are an Indian restaurant located in a beautiful, historic building of Italian-French style, featuring high ceilings and stunning architectural details. These are complemented by warm colors and an elegant interior with subtle touches of Indian-inspired decor.<\/p><p>Our chefs from India, Kumar and Swamy, specialize in Indian curries and tandoori starters, respectively. They skillfully balance a variety of spices\u2014many of them imported\u2014to enhance the fresh local ingredients, creating a harmonious blend of flavors and aromas characteristic of Indian cuisine that you can savor throughout our menu.<\/p><p>Our specialties include starters and naan (traditional Indian bread) prepared in the Tandoor oven (imported from India), which also inspired our restaurant's name. However, our menu also features lamb, chicken, shrimp, and vegetarian curries, representing the diverse culinary traditions of India's regions.<\/p>\t\t\t\t\t\t\t\t<\/div>\n\t\t\t\t<\/div>\n\t\t<div class=\"elementor-element elementor-element-9c0a759 e-con-full e-flex elementor-invisible e-con e-child\" data-id=\"9c0a759\" data-element_type=\"container\" data-settings=\"{&quot;background_background&quot;:&quot;classic&quot;,&quot;animation&quot;:&quot;fadeInRight&quot;}\">\n\t\t\t\t<\/div>\n\t\t\t\t\t<\/div>\n\t\t\t\t<\/div>\n\t\t<div class=\"elementor-element elementor-element-0b1903c e-flex e-con-boxed e-con e-parent\" data-id=\"0b1903c\" data-element_type=\"container\">\n\t\t\t\t\t<div class=\"e-con-inner\">\n\t\t<div class=\"elementor-element elementor-element-bcecb3d e-con-full e-flex elementor-invisible e-con e-child\" data-id=\"bcecb3d\" data-element_type=\"container\" data-settings=\"{&quot;animation&quot;:&quot;fadeInLeft&quot;}\">\n\t\t\t\t<div class=\"elementor-element elementor-element-51beddc elementor-widget elementor-widget-heading\" data-id=\"51beddc\" data-element_type=\"widget\" data-widget_type=\"heading.default\">\n\t\t\t\t\t<h2 class=\"elementor-heading-title elementor-size-default\">Nuestro Chef<\/h2>\t\t\t\t<\/div>\n\t\t\t\t<div class=\"elementor-element elementor-element-2687857 elementor-widget elementor-widget-image\" data-id=\"2687857\" data-element_type=\"widget\" data-widget_type=\"image.default\">\n\t\t\t\t\t\t\t\t\t\t\t\t\t\t\t<img fetchpriority=\"high\" decoding=\"async\" width=\"1000\" height=\"1000\" src=\"https:\/\/tandoor.com.ar\/wp-content\/uploads\/2025\/01\/188562807_827790598161254_4428587312671394567_n.jpg\" class=\"attachment-large size-large wp-image-252\" alt=\"\" srcset=\"https:\/\/tandoor.com.ar\/wp-content\/uploads\/2025\/01\/188562807_827790598161254_4428587312671394567_n.jpg 1000w, https:\/\/tandoor.com.ar\/wp-content\/uploads\/2025\/01\/188562807_827790598161254_4428587312671394567_n-300x300.jpg 300w, https:\/\/tandoor.com.ar\/wp-content\/uploads\/2025\/01\/188562807_827790598161254_4428587312671394567_n-150x150.jpg 150w, https:\/\/tandoor.com.ar\/wp-content\/uploads\/2025\/01\/188562807_827790598161254_4428587312671394567_n-768x768.jpg 768w, https:\/\/tandoor.com.ar\/wp-content\/uploads\/2025\/01\/188562807_827790598161254_4428587312671394567_n-12x12.jpg 12w\" sizes=\"(max-width: 1000px) 100vw, 1000px\" \/>\t\t\t\t\t\t\t\t\t\t\t\t\t\t\t<\/div>\n\t\t\t\t<\/div>\n\t\t\t\t\t<\/div>\n\t\t\t\t<\/div>\n\t\t\t\t<\/div>","protected":false},"excerpt":{"rendered":"<p>Sabore\u00e1 INDIASal\u00ed de la rutina y ven\u00ed a TANDOORCarta TANDOOR Somos un restaurante de comida India ubicado en un hermoso [&hellip;]<\/p>","protected":false},"author":1,"featured_media":0,"parent":0,"menu_order":0,"comment_status":"closed","ping_status":"closed","template":"","meta":{"site-sidebar-layout":"no-sidebar","site-content-layout":"","ast-site-content-layout":"full-width-container","site-content-style":"default","site-sidebar-style":"default","ast-global-header-display":"","ast-banner-title-visibility":"","ast-main-header-display":"","ast-hfb-above-header-display":"","ast-hfb-below-header-display":"","ast-hfb-mobile-header-display":"","site-post-title":"disabled","ast-breadcrumbs-content":"","ast-featured-img":"disabled","footer-sml-layout":"","theme-transparent-header-meta":"","adv-header-id-meta":"","stick-header-meta":"","header-above-stick-meta":"","header-main-stick-meta":"","header-below-stick-meta":"","astra-migrate-meta-layouts":"default","ast-page-background-enabled":"default","ast-page-background-meta":{"desktop":{"background-color":"var(--ast-global-color-4)","background-image":"","background-repeat":"repeat","background-position":"center center","background-size":"auto","background-attachment":"scroll","background-type":"","background-media":"","overlay-type":"","overlay-color":"","overlay-opacity":"","overlay-gradient":""},"tablet":{"background-color":"","background-image":"","background-repeat":"repeat","background-position":"center center","background-size":"auto","background-attachment":"scroll","background-type":"","background-media":"","overlay-type":"","overlay-color":"","overlay-opacity":"","overlay-gradient":""},"mobile":{"background-color":"","background-image":"","background-repeat":"repeat","background-position":"center center","background-size":"auto","background-attachment":"scroll","background-type":"","background-media":"","overlay-type":"","overlay-color":"","overlay-opacity":"","overlay-gradient":""}},"ast-content-background-meta":{"desktop":{"background-color":"var(--ast-global-color-5)","background-image":"","background-repeat":"repeat","background-position":"center center","background-size":"auto","background-attachment":"scroll","background-type":"","background-media":"","overlay-type":"","overlay-color":"","overlay-opacity":"","overlay-gradient":""},"tablet":{"background-color":"var(--ast-global-color-5)","background-image":"","background-repeat":"repeat","background-position":"center center","background-size":"auto","background-attachment":"scroll","background-type":"","background-media":"","overlay-type":"","overlay-color":"","overlay-opacity":"","overlay-gradient":""},"mobile":{"background-color":"var(--ast-global-color-5)","background-image":"","background-repeat":"repeat","background-position":"center center","background-size":"auto","background-attachment":"scroll","background-type":"","background-media":"","overlay-type":"","overlay-color":"","overlay-opacity":"","overlay-gradient":""}},"footnotes":""},"class_list":["post-17","page","type-page","status-publish","hentry"],"_links":{"self":[{"href":"https:\/\/tandoor.com.ar\/en\/wp-json\/wp\/v2\/pages\/17","targetHints":{"allow":["GET"]}}],"collection":[{"href":"https:\/\/tandoor.com.ar\/en\/wp-json\/wp\/v2\/pages"}],"about":[{"href":"https:\/\/tandoor.com.ar\/en\/wp-json\/wp\/v2\/types\/page"}],"author":[{"embeddable":true,"href":"https:\/\/tandoor.com.ar\/en\/wp-json\/wp\/v2\/users\/1"}],"replies":[{"embeddable":true,"href":"https:\/\/tandoor.com.ar\/en\/wp-json\/wp\/v2\/comments?post=17"}],"version-history":[{"count":61,"href":"https:\/\/tandoor.com.ar\/en\/wp-json\/wp\/v2\/pages\/17\/revisions"}],"predecessor-version":[{"id":255,"href":"https:\/\/tandoor.com.ar\/en\/wp-json\/wp\/v2\/pages\/17\/revisions\/255"}],"wp:attachment":[{"href":"https:\/\/tandoor.com.ar\/en\/wp-json\/wp\/v2\/media?parent=17"}],"curies":[{"name":"wp","href":"https:\/\/api.w.org\/{rel}","templated":true}]}}